{"id":18,"date":"2025-01-27T08:52:13","date_gmt":"2025-01-27T07:52:13","guid":{"rendered":"https:\/\/frenchconexion.com\/?page_id=18"},"modified":"2025-04-29T17:47:08","modified_gmt":"2025-04-29T15:47:08","slug":"cookies","status":"publish","type":"page","link":"https:\/\/frenchconexion.com\/en\/cookies\/","title":{"rendered":"Cookie policy"},"content":{"rendered":"<div data-elementor-type=\"wp-page\" data-elementor-id=\"18\" class=\"elementor elementor-18\" data-elementor-post-type=\"page\">\n\t\t\t\t\t\t<section class=\"elementor-section elementor-top-section elementor-element elementor-element-b8a7325 elementor-section-content-middle elementor-section-boxed elementor-section-height-default elementor-section-height-default\" data-id=\"b8a7325\" data-element_type=\"section\" data-e-type=\"section\" data-settings=\"{&quot;background_background&quot;:&quot;classic&quot;}\">\n\t\t\t\t\t\t\t<div class=\"elementor-background-overlay\"><\/div>\n\t\t\t\t\t\t\t<div class=\"elementor-container elementor-column-gap-no\">\n\t\t\t\t\t<div class=\"elementor-column elementor-col-100 elementor-top-column elementor-element elementor-element-4200804\" data-id=\"4200804\" data-element_type=\"column\" data-e-type=\"column\">\n\t\t\t<div class=\"elementor-widget-wrap elementor-element-populated\">\n\t\t\t\t\t\t<div class=\"elementor-element elementor-element-3a4d9d8 elementor-widget-divider--view-line_text elementor-widget-divider--element-align-center elementor-invisible elementor-widget elementor-widget-divider\" data-id=\"3a4d9d8\" data-element_type=\"widget\" data-e-type=\"widget\" data-settings=\"{&quot;_animation&quot;:&quot;fadeInLeft&quot;}\" data-widget_type=\"divider.default\">\n\t\t\t\t<div class=\"elementor-widget-container\">\n\t\t\t\t\t\t\t<div class=\"elementor-divider\">\n\t\t\t<span class=\"elementor-divider-separator\">\n\t\t\t\t\t\t\t<h5 class=\"elementor-divider__text elementor-divider__element\">\n\t\t\t\tCOOKIE POLICY\t\t\t\t<\/h5>\n\t\t\t\t\t\t<\/span>\n\t\t<\/div>\n\t\t\t\t\t\t<\/div>\n\t\t\t\t<\/div>\n\t\t\t\t\t<\/div>\n\t\t<\/div>\n\t\t\t\t\t<\/div>\n\t\t<\/section>\n\t\t<div class=\"elementor-element elementor-element-7454bc8 e-flex e-con-boxed e-con e-parent\" data-id=\"7454bc8\" data-element_type=\"container\" data-e-type=\"container\">\n\t\t\t\t\t<div class=\"e-con-inner\">\n\t\t\t\t<div class=\"elementor-element elementor-element-7e3ddcf elementor-widget elementor-widget-text-editor\" data-id=\"7e3ddcf\" data-element_type=\"widget\" data-e-type=\"widget\" data-widget_type=\"text-editor.default\">\n\t\t\t\t<div class=\"elementor-widget-container\">\n\t\t\t\t\t\t\t\t\t<p>Access to this Website may involve the use of cookies. Cookies are small amounts of information which are stored in the browser used by each User \u2014in the different devices that can be used to navigate\u2014 so that the server remembers certain information that later and only the server that implemented it will read. Cookies facilitate navigation, make it more user-friendly, and they do not damage the navigation device.<\/p><p>Cookies are automatic procedures for collecting information related to the preferences determined by the User during your visit to the Web Site in order to recognise you as a User and personalize your experience and the use of the Website, and can also, for example, help identify and resolve errors.<\/p><p>The information collected through cookies may include the date and time of Website visits, the pages viewed, time has been on the Website, and the sites visited just before and just after the same. However, no cookie allows the same contact with the User&#039;s telephone number or any other means of personal contact. No cookie can extract information from the User&#039;s hard drive or steal personal information. The only way that the private information of a User forms part of the Cookie file is if the user personally gives that information to the server.<\/p><p>Cookies that enable you to identify a person are considered personal data. Therefore, the same will apply to the Privacy Policy, as described above. In this sense, for the use of the same will be necessary for the consent of the User. This consent will be communicated, on the basis of a choice of authentic, offered through an affirmative decision and positive, before the initial treatment, removable and documented.<\/p><p>To disable, reject and delete cookies<br \/>The User can disable, reject and delete the cookies \u2014totally or partially\u2014 installed on your device through the settings on your browser (including, for example, Chrome, Firefox, Safari, Explorer). In this sense, the procedures for rejecting and deleting cookies may differ from one Internet browser to another. In consequence, the User should refer to the instructions provided by the Internet browser you are using. In case you reject the use of cookies \u2014totally or partially\u2014 you may continue to use the Website, although you may have limited the use of some of the benefits of the same.<\/p>\t\t\t\t\t\t\t\t<\/div>\n\t\t\t\t<\/div>\n\t\t\t\t\t<\/div>\n\t\t\t\t<\/div>\n\t\t\t\t<\/div>","protected":false},"excerpt":{"rendered":"<p>POL\u00cdTICA DE COOKIES El acceso a este Sitio Web puede implicar la utilizaci\u00f3n de cookies. Las cookies son peque\u00f1as cantidades de informaci\u00f3n que se almacenan en el navegador utilizado por cada Usuario \u2014en los distintos dispositivos que pueda utilizar para navegar\u2014 para que el servidor recuerde cierta informaci\u00f3n que posteriormente y \u00fanicamente el servidor que [&hellip;]<\/p>\n","protected":false},"author":2,"featured_media":0,"parent":0,"menu_order":0,"comment_status":"closed","ping_status":"closed","template":"elementor_header_footer","meta":{"footnotes":""},"class_list":["post-18","page","type-page","status-publish","hentry"],"yoast_head":"<!-- This site is optimized with the Yoast SEO plugin v27.4 - https:\/\/yoast.com\/product\/yoast-seo-wordpress\/ -->\n<title>Pol\u00edtica de cookies - French Conex\u00edon S.L<\/title>\n<meta name=\"robots\" content=\"noindex, follow\" \/>\n<meta property=\"og:locale\" content=\"en_GB\" \/>\n<meta property=\"og:type\" content=\"article\" \/>\n<meta property=\"og:title\" content=\"Pol\u00edtica de cookies - French Conex\u00edon S.L\" \/>\n<meta property=\"og:description\" content=\"POL\u00cdTICA DE COOKIES El acceso a este Sitio Web puede implicar la utilizaci\u00f3n de cookies. Las cookies son peque\u00f1as cantidades de informaci\u00f3n que se almacenan en el navegador utilizado por cada Usuario \u2014en los distintos dispositivos que pueda utilizar para navegar\u2014 para que el servidor recuerde cierta informaci\u00f3n que posteriormente y \u00fanicamente el servidor que [&hellip;]\" \/>\n<meta property=\"og:url\" content=\"https:\/\/frenchconexion.com\/en\/cookies\/\" \/>\n<meta property=\"og:site_name\" content=\"French Conex\u00edon S.L\" \/>\n<meta property=\"article:modified_time\" content=\"2025-04-29T15:47:08+00:00\" \/>\n<meta name=\"twitter:card\" content=\"summary_large_image\" \/>\n<meta name=\"twitter:label1\" content=\"Estimated reading time\" \/>\n\t<meta name=\"twitter:data1\" content=\"2 minutes\" \/>\n<script type=\"application\/ld+json\" class=\"yoast-schema-graph\">{\"@context\":\"https:\\\/\\\/schema.org\",\"@graph\":[{\"@type\":\"WebPage\",\"@id\":\"https:\\\/\\\/frenchconexion.com\\\/cookies\\\/\",\"url\":\"https:\\\/\\\/frenchconexion.com\\\/cookies\\\/\",\"name\":\"Pol\u00edtica de cookies - French Conex\u00edon S.L\",\"isPartOf\":{\"@id\":\"https:\\\/\\\/frenchconexion.com\\\/#website\"},\"datePublished\":\"2025-01-27T07:52:13+00:00\",\"dateModified\":\"2025-04-29T15:47:08+00:00\",\"breadcrumb\":{\"@id\":\"https:\\\/\\\/frenchconexion.com\\\/cookies\\\/#breadcrumb\"},\"inLanguage\":\"en-GB\",\"potentialAction\":[{\"@type\":\"ReadAction\",\"target\":[\"https:\\\/\\\/frenchconexion.com\\\/cookies\\\/\"]}]},{\"@type\":\"BreadcrumbList\",\"@id\":\"https:\\\/\\\/frenchconexion.com\\\/cookies\\\/#breadcrumb\",\"itemListElement\":[{\"@type\":\"ListItem\",\"position\":1,\"name\":\"Portada\",\"item\":\"https:\\\/\\\/frenchconexion.com\\\/\"},{\"@type\":\"ListItem\",\"position\":2,\"name\":\"Pol\u00edtica de cookies\"}]},{\"@type\":\"WebSite\",\"@id\":\"https:\\\/\\\/frenchconexion.com\\\/#website\",\"url\":\"https:\\\/\\\/frenchconexion.com\\\/\",\"name\":\"French Conex\u00edon S.L\",\"description\":\"\",\"publisher\":{\"@id\":\"https:\\\/\\\/frenchconexion.com\\\/#organization\"},\"potentialAction\":[{\"@type\":\"SearchAction\",\"target\":{\"@type\":\"EntryPoint\",\"urlTemplate\":\"https:\\\/\\\/frenchconexion.com\\\/?s={search_term_string}\"},\"query-input\":{\"@type\":\"PropertyValueSpecification\",\"valueRequired\":true,\"valueName\":\"search_term_string\"}}],\"inLanguage\":\"en-GB\"},{\"@type\":\"Organization\",\"@id\":\"https:\\\/\\\/frenchconexion.com\\\/#organization\",\"name\":\"French Conex\u00edon S.L\",\"url\":\"https:\\\/\\\/frenchconexion.com\\\/\",\"logo\":{\"@type\":\"ImageObject\",\"inLanguage\":\"en-GB\",\"@id\":\"https:\\\/\\\/frenchconexion.com\\\/#\\\/schema\\\/logo\\\/image\\\/\",\"url\":\"https:\\\/\\\/frenchconexion.com\\\/wp-content\\\/uploads\\\/2025\\\/02\\\/logo.png\",\"contentUrl\":\"https:\\\/\\\/frenchconexion.com\\\/wp-content\\\/uploads\\\/2025\\\/02\\\/logo.png\",\"width\":1024,\"height\":509,\"caption\":\"French Conex\u00edon S.L\"},\"image\":{\"@id\":\"https:\\\/\\\/frenchconexion.com\\\/#\\\/schema\\\/logo\\\/image\\\/\"}}]}<\/script>\n<!-- \/ Yoast SEO plugin. -->","yoast_head_json":{"title":"Pol\u00edtica de cookies - French Conex\u00edon S.L","robots":{"index":"noindex","follow":"follow"},"og_locale":"en_GB","og_type":"article","og_title":"Pol\u00edtica de cookies - French Conex\u00edon S.L","og_description":"POL\u00cdTICA DE COOKIES El acceso a este Sitio Web puede implicar la utilizaci\u00f3n de cookies. Las cookies son peque\u00f1as cantidades de informaci\u00f3n que se almacenan en el navegador utilizado por cada Usuario \u2014en los distintos dispositivos que pueda utilizar para navegar\u2014 para que el servidor recuerde cierta informaci\u00f3n que posteriormente y \u00fanicamente el servidor que [&hellip;]","og_url":"https:\/\/frenchconexion.com\/en\/cookies\/","og_site_name":"French Conex\u00edon S.L","article_modified_time":"2025-04-29T15:47:08+00:00","twitter_card":"summary_large_image","twitter_misc":{"Estimated reading time":"2 minutes"},"schema":{"@context":"https:\/\/schema.org","@graph":[{"@type":"WebPage","@id":"https:\/\/frenchconexion.com\/cookies\/","url":"https:\/\/frenchconexion.com\/cookies\/","name":"Pol\u00edtica de cookies - French Conex\u00edon S.L","isPartOf":{"@id":"https:\/\/frenchconexion.com\/#website"},"datePublished":"2025-01-27T07:52:13+00:00","dateModified":"2025-04-29T15:47:08+00:00","breadcrumb":{"@id":"https:\/\/frenchconexion.com\/cookies\/#breadcrumb"},"inLanguage":"en-GB","potentialAction":[{"@type":"ReadAction","target":["https:\/\/frenchconexion.com\/cookies\/"]}]},{"@type":"BreadcrumbList","@id":"https:\/\/frenchconexion.com\/cookies\/#breadcrumb","itemListElement":[{"@type":"ListItem","position":1,"name":"Portada","item":"https:\/\/frenchconexion.com\/"},{"@type":"ListItem","position":2,"name":"Pol\u00edtica de cookies"}]},{"@type":"WebSite","@id":"https:\/\/frenchconexion.com\/#website","url":"https:\/\/frenchconexion.com\/","name":"French Connection S. L","description":"","publisher":{"@id":"https:\/\/frenchconexion.com\/#organization"},"potentialAction":[{"@type":"SearchAction","target":{"@type":"EntryPoint","urlTemplate":"https:\/\/frenchconexion.com\/?s={search_term_string}"},"query-input":{"@type":"PropertyValueSpecification","valueRequired":true,"valueName":"search_term_string"}}],"inLanguage":"en-GB"},{"@type":"Organization","@id":"https:\/\/frenchconexion.com\/#organization","name":"French Connection S. L","url":"https:\/\/frenchconexion.com\/","logo":{"@type":"ImageObject","inLanguage":"en-GB","@id":"https:\/\/frenchconexion.com\/#\/schema\/logo\/image\/","url":"https:\/\/frenchconexion.com\/wp-content\/uploads\/2025\/02\/logo.png","contentUrl":"https:\/\/frenchconexion.com\/wp-content\/uploads\/2025\/02\/logo.png","width":1024,"height":509,"caption":"French Conex\u00edon S.L"},"image":{"@id":"https:\/\/frenchconexion.com\/#\/schema\/logo\/image\/"}}]}},"_links":{"self":[{"href":"https:\/\/frenchconexion.com\/en\/wp-json\/wp\/v2\/pages\/18","targetHints":{"allow":["GET"]}}],"collection":[{"href":"https:\/\/frenchconexion.com\/en\/wp-json\/wp\/v2\/pages"}],"about":[{"href":"https:\/\/frenchconexion.com\/en\/wp-json\/wp\/v2\/types\/page"}],"author":[{"embeddable":true,"href":"https:\/\/frenchconexion.com\/en\/wp-json\/wp\/v2\/users\/2"}],"replies":[{"embeddable":true,"href":"https:\/\/frenchconexion.com\/en\/wp-json\/wp\/v2\/comments?post=18"}],"version-history":[{"count":11,"href":"https:\/\/frenchconexion.com\/en\/wp-json\/wp\/v2\/pages\/18\/revisions"}],"predecessor-version":[{"id":584,"href":"https:\/\/frenchconexion.com\/en\/wp-json\/wp\/v2\/pages\/18\/revisions\/584"}],"wp:attachment":[{"href":"https:\/\/frenchconexion.com\/en\/wp-json\/wp\/v2\/media?parent=18"}],"curies":[{"name":"wp","href":"https:\/\/api.w.org\/{rel}","templated":true}]}}