{"id":18,"date":"2025-01-27T08:52:13","date_gmt":"2025-01-27T07:52:13","guid":{"rendered":"https:\/\/frenchconexion.com\/?page_id=18"},"modified":"2025-04-29T17:47:08","modified_gmt":"2025-04-29T15:47:08","slug":"cookies","status":"publish","type":"page","link":"https:\/\/frenchconexion.com\/fr\/cookies\/","title":{"rendered":"Cookies"},"content":{"rendered":"<div data-elementor-type=\"wp-page\" data-elementor-id=\"18\" class=\"elementor elementor-18\" data-elementor-post-type=\"page\">\n\t\t\t\t\t\t<section class=\"elementor-section elementor-top-section elementor-element elementor-element-b8a7325 elementor-section-content-middle elementor-section-boxed elementor-section-height-default elementor-section-height-default\" data-id=\"b8a7325\" data-element_type=\"section\" data-e-type=\"section\" data-settings=\"{&quot;background_background&quot;:&quot;classic&quot;}\">\n\t\t\t\t\t\t\t<div class=\"elementor-background-overlay\"><\/div>\n\t\t\t\t\t\t\t<div class=\"elementor-container elementor-column-gap-no\">\n\t\t\t\t\t<div class=\"elementor-column elementor-col-100 elementor-top-column elementor-element elementor-element-4200804\" data-id=\"4200804\" data-element_type=\"column\" data-e-type=\"column\">\n\t\t\t<div class=\"elementor-widget-wrap elementor-element-populated\">\n\t\t\t\t\t\t<div class=\"elementor-element elementor-element-3a4d9d8 elementor-widget-divider--view-line_text elementor-widget-divider--element-align-center elementor-invisible elementor-widget elementor-widget-divider\" data-id=\"3a4d9d8\" data-element_type=\"widget\" data-e-type=\"widget\" data-settings=\"{&quot;_animation&quot;:&quot;fadeInLeft&quot;}\" data-widget_type=\"divider.default\">\n\t\t\t\t<div class=\"elementor-widget-container\">\n\t\t\t\t\t\t\t<div class=\"elementor-divider\">\n\t\t\t<span class=\"elementor-divider-separator\">\n\t\t\t\t\t\t\t<h5 class=\"elementor-divider__text elementor-divider__element\">\n\t\t\t\tPOLITIQUE EN MATI\u00c8RE DE COOKIES\t\t\t\t<\/h5>\n\t\t\t\t\t\t<\/span>\n\t\t<\/div>\n\t\t\t\t\t\t<\/div>\n\t\t\t\t<\/div>\n\t\t\t\t\t<\/div>\n\t\t<\/div>\n\t\t\t\t\t<\/div>\n\t\t<\/section>\n\t\t<div class=\"elementor-element elementor-element-7454bc8 e-flex e-con-boxed e-con e-parent\" data-id=\"7454bc8\" data-element_type=\"container\" data-e-type=\"container\">\n\t\t\t\t\t<div class=\"e-con-inner\">\n\t\t\t\t<div class=\"elementor-element elementor-element-7e3ddcf elementor-widget elementor-widget-text-editor\" data-id=\"7e3ddcf\" data-element_type=\"widget\" data-e-type=\"widget\" data-widget_type=\"text-editor.default\">\n\t\t\t\t<div class=\"elementor-widget-container\">\n\t\t\t\t\t\t\t\t\t<p>L&#039;acc\u00e8s \u00e0 ce Site peut impliquer l&#039;utilisation de cookies. Les Cookies sont de petites quantit\u00e9s d&#039;informations qui sont stock\u00e9es dans le navigateur utilis\u00e9 par chaque Utilisateur dans les diff\u00e9rents dispositifs qui peuvent \u00eatre utilis\u00e9s pour naviguer\u2014 de sorte que le serveur se souvient de certaines informations qui, plus tard, et seul le serveur mis en \u0153uvre, il va lire. Les Cookies facilitent la navigation, de la rendre plus conviviale, et ils ne causent pas de dommages \u00e0 l&#039;appareil de navigation.<\/p><p>Les Cookies sont des proc\u00e9dures automatiques pour la collecte des informations relatives aux pr\u00e9f\u00e9rences d\u00e9finies par l&#039;Utilisateur lors de votre visite sur le Site, afin de vous reconna\u00eetre en tant qu&#039;Utilisateur et personnaliser votre exp\u00e9rience et votre utilisation du Site web, et peut aussi, par exemple, d&#039;aider \u00e0 identifier et r\u00e9soudre les erreurs.<\/p><p>Les informations recueillies par les cookies peuvent inclure la date et l&#039;heure des visites sur le Site web, les pages consult\u00e9es, le temps a \u00e9t\u00e9 sur le Site, et les sites visit\u00e9s juste avant et juste apr\u00e8s la m\u00eame. Cependant, aucun cookie ne permet de m\u00eame le contact avec l&#039;Utilisateur, le num\u00e9ro de t\u00e9l\u00e9phone ou tout autre moyen de contact personnel. Aucun cookie ne peut extraire des informations \u00e0 partir du disque dur de l&#039;Utilisateur ou de voler des informations personnelles. La seule fa\u00e7on que les informations priv\u00e9es de l&#039;Utilisateur fait partie du fichier de Cookie est si personnellement l&#039;utilisateur donne des informations pour le serveur.<\/p><p>Les Cookies qui vous permettent d&#039;identifier une personne sont consid\u00e9r\u00e9es comme des donn\u00e9es personnelles. Par cons\u00e9quent, la m\u00eame chose s&#039;applique \u00e0 la Politique de Confidentialit\u00e9, tel que d\u00e9crit ci-dessus. En ce sens, pour l&#039;utilisation de la m\u00eame sera n\u00e9cessaire pour que le consentement de l&#039;Utilisateur. Ce consentement devra \u00eatre communiqu\u00e9e, sur la base d&#039;un choix de l&#039;authentique, offertes par une d\u00e9cision affirmative et positive, avant le traitement initial, amovible et document\u00e9.<\/p><p>Pour le d\u00e9sactiver, de refuser et de supprimer les cookies<br \/>L&#039;Utilisateur peut d\u00e9sactiver, de refuser et de supprimer les cookies \u2014totalement ou partiellement\u2014 install\u00e9 sur votre appareil via les param\u00e8tres de votre navigateur (y compris, par exemple, google Chrome, Firefox, Safari, Explorer). En ce sens, les proc\u00e9dures pour le rejet et la suppression des cookies peut diff\u00e9rer d&#039;un navigateur Internet \u00e0 l&#039;autre. En cons\u00e9quence, l&#039;Utilisateur doit se r\u00e9f\u00e9rer aux instructions fournies par le navigateur Internet que vous utilisez. Dans le cas o\u00f9 vous refusez l&#039;utilisation des cookies \u2014totalement ou partiellement\u2014 vous pouvez continuer \u00e0 utiliser le Site web, m\u00eame si vous avez limit\u00e9 l&#039;utilisation de certains des avantages de la m\u00eame chose.<\/p>\t\t\t\t\t\t\t\t<\/div>\n\t\t\t\t<\/div>\n\t\t\t\t\t<\/div>\n\t\t\t\t<\/div>\n\t\t\t\t<\/div>","protected":false},"excerpt":{"rendered":"<p>POL\u00cdTICA DE COOKIES El acceso a este Sitio Web puede implicar la utilizaci\u00f3n de cookies. Las cookies son peque\u00f1as cantidades de informaci\u00f3n que se almacenan en el navegador utilizado por cada Usuario \u2014en los distintos dispositivos que pueda utilizar para navegar\u2014 para que el servidor recuerde cierta informaci\u00f3n que posteriormente y \u00fanicamente el servidor que [&hellip;]<\/p>\n","protected":false},"author":2,"featured_media":0,"parent":0,"menu_order":0,"comment_status":"closed","ping_status":"closed","template":"elementor_header_footer","meta":{"footnotes":""},"class_list":["post-18","page","type-page","status-publish","hentry"],"yoast_head":"<!-- This site is optimized with the Yoast SEO plugin v27.5 - https:\/\/yoast.com\/product\/yoast-seo-wordpress\/ -->\n<title>Pol\u00edtica de cookies - French Conex\u00edon S.L<\/title>\n<meta name=\"robots\" content=\"noindex, follow\" \/>\n<meta property=\"og:locale\" content=\"fr_FR\" \/>\n<meta property=\"og:type\" content=\"article\" \/>\n<meta property=\"og:title\" content=\"Pol\u00edtica de cookies - French Conex\u00edon S.L\" \/>\n<meta property=\"og:description\" content=\"POL\u00cdTICA DE COOKIES El acceso a este Sitio Web puede implicar la utilizaci\u00f3n de cookies. Las cookies son peque\u00f1as cantidades de informaci\u00f3n que se almacenan en el navegador utilizado por cada Usuario \u2014en los distintos dispositivos que pueda utilizar para navegar\u2014 para que el servidor recuerde cierta informaci\u00f3n que posteriormente y \u00fanicamente el servidor que [&hellip;]\" \/>\n<meta property=\"og:url\" content=\"https:\/\/frenchconexion.com\/fr\/cookies\/\" \/>\n<meta property=\"og:site_name\" content=\"French Conex\u00edon S.L\" \/>\n<meta property=\"article:modified_time\" content=\"2025-04-29T15:47:08+00:00\" \/>\n<meta name=\"twitter:card\" content=\"summary_large_image\" \/>\n<meta name=\"twitter:label1\" content=\"Dur\u00e9e de lecture estim\u00e9e\" \/>\n\t<meta name=\"twitter:data1\" content=\"2 minutes\" \/>\n<script type=\"application\/ld+json\" class=\"yoast-schema-graph\">{\"@context\":\"https:\\\/\\\/schema.org\",\"@graph\":[{\"@type\":\"WebPage\",\"@id\":\"https:\\\/\\\/frenchconexion.com\\\/cookies\\\/\",\"url\":\"https:\\\/\\\/frenchconexion.com\\\/cookies\\\/\",\"name\":\"Pol\u00edtica de cookies - French Conex\u00edon S.L\",\"isPartOf\":{\"@id\":\"https:\\\/\\\/frenchconexion.com\\\/#website\"},\"datePublished\":\"2025-01-27T07:52:13+00:00\",\"dateModified\":\"2025-04-29T15:47:08+00:00\",\"breadcrumb\":{\"@id\":\"https:\\\/\\\/frenchconexion.com\\\/cookies\\\/#breadcrumb\"},\"inLanguage\":\"fr-FR\",\"potentialAction\":[{\"@type\":\"ReadAction\",\"target\":[\"https:\\\/\\\/frenchconexion.com\\\/cookies\\\/\"]}]},{\"@type\":\"BreadcrumbList\",\"@id\":\"https:\\\/\\\/frenchconexion.com\\\/cookies\\\/#breadcrumb\",\"itemListElement\":[{\"@type\":\"ListItem\",\"position\":1,\"name\":\"Portada\",\"item\":\"https:\\\/\\\/frenchconexion.com\\\/\"},{\"@type\":\"ListItem\",\"position\":2,\"name\":\"Pol\u00edtica de cookies\"}]},{\"@type\":\"WebSite\",\"@id\":\"https:\\\/\\\/frenchconexion.com\\\/#website\",\"url\":\"https:\\\/\\\/frenchconexion.com\\\/\",\"name\":\"French Conex\u00edon S.L\",\"description\":\"\",\"publisher\":{\"@id\":\"https:\\\/\\\/frenchconexion.com\\\/#organization\"},\"potentialAction\":[{\"@type\":\"SearchAction\",\"target\":{\"@type\":\"EntryPoint\",\"urlTemplate\":\"https:\\\/\\\/frenchconexion.com\\\/?s={search_term_string}\"},\"query-input\":{\"@type\":\"PropertyValueSpecification\",\"valueRequired\":true,\"valueName\":\"search_term_string\"}}],\"inLanguage\":\"fr-FR\"},{\"@type\":\"Organization\",\"@id\":\"https:\\\/\\\/frenchconexion.com\\\/#organization\",\"name\":\"French Conex\u00edon S.L\",\"url\":\"https:\\\/\\\/frenchconexion.com\\\/\",\"logo\":{\"@type\":\"ImageObject\",\"inLanguage\":\"fr-FR\",\"@id\":\"https:\\\/\\\/frenchconexion.com\\\/#\\\/schema\\\/logo\\\/image\\\/\",\"url\":\"https:\\\/\\\/frenchconexion.com\\\/wp-content\\\/uploads\\\/2025\\\/02\\\/logo.png\",\"contentUrl\":\"https:\\\/\\\/frenchconexion.com\\\/wp-content\\\/uploads\\\/2025\\\/02\\\/logo.png\",\"width\":1024,\"height\":509,\"caption\":\"French Conex\u00edon S.L\"},\"image\":{\"@id\":\"https:\\\/\\\/frenchconexion.com\\\/#\\\/schema\\\/logo\\\/image\\\/\"}}]}<\/script>\n<!-- \/ Yoast SEO plugin. -->","yoast_head_json":{"title":"Pol\u00edtica de cookies - French Conex\u00edon S.L","robots":{"index":"noindex","follow":"follow"},"og_locale":"fr_FR","og_type":"article","og_title":"Pol\u00edtica de cookies - French Conex\u00edon S.L","og_description":"POL\u00cdTICA DE COOKIES El acceso a este Sitio Web puede implicar la utilizaci\u00f3n de cookies. Las cookies son peque\u00f1as cantidades de informaci\u00f3n que se almacenan en el navegador utilizado por cada Usuario \u2014en los distintos dispositivos que pueda utilizar para navegar\u2014 para que el servidor recuerde cierta informaci\u00f3n que posteriormente y \u00fanicamente el servidor que [&hellip;]","og_url":"https:\/\/frenchconexion.com\/fr\/cookies\/","og_site_name":"French Conex\u00edon S.L","article_modified_time":"2025-04-29T15:47:08+00:00","twitter_card":"summary_large_image","twitter_misc":{"Dur\u00e9e de lecture estim\u00e9e":"2 minutes"},"schema":{"@context":"https:\/\/schema.org","@graph":[{"@type":"WebPage","@id":"https:\/\/frenchconexion.com\/cookies\/","url":"https:\/\/frenchconexion.com\/cookies\/","name":"Pol\u00edtica de cookies - French Conex\u00edon S.L","isPartOf":{"@id":"https:\/\/frenchconexion.com\/#website"},"datePublished":"2025-01-27T07:52:13+00:00","dateModified":"2025-04-29T15:47:08+00:00","breadcrumb":{"@id":"https:\/\/frenchconexion.com\/cookies\/#breadcrumb"},"inLanguage":"fr-FR","potentialAction":[{"@type":"ReadAction","target":["https:\/\/frenchconexion.com\/cookies\/"]}]},{"@type":"BreadcrumbList","@id":"https:\/\/frenchconexion.com\/cookies\/#breadcrumb","itemListElement":[{"@type":"ListItem","position":1,"name":"Portada","item":"https:\/\/frenchconexion.com\/"},{"@type":"ListItem","position":2,"name":"Pol\u00edtica de cookies"}]},{"@type":"WebSite","@id":"https:\/\/frenchconexion.com\/#website","url":"https:\/\/frenchconexion.com\/","name":"French Connection S. L","description":"","publisher":{"@id":"https:\/\/frenchconexion.com\/#organization"},"potentialAction":[{"@type":"SearchAction","target":{"@type":"EntryPoint","urlTemplate":"https:\/\/frenchconexion.com\/?s={search_term_string}"},"query-input":{"@type":"PropertyValueSpecification","valueRequired":true,"valueName":"search_term_string"}}],"inLanguage":"fr-FR"},{"@type":"Organization","@id":"https:\/\/frenchconexion.com\/#organization","name":"French Connection S. L","url":"https:\/\/frenchconexion.com\/","logo":{"@type":"ImageObject","inLanguage":"fr-FR","@id":"https:\/\/frenchconexion.com\/#\/schema\/logo\/image\/","url":"https:\/\/frenchconexion.com\/wp-content\/uploads\/2025\/02\/logo.png","contentUrl":"https:\/\/frenchconexion.com\/wp-content\/uploads\/2025\/02\/logo.png","width":1024,"height":509,"caption":"French Conex\u00edon S.L"},"image":{"@id":"https:\/\/frenchconexion.com\/#\/schema\/logo\/image\/"}}]}},"_links":{"self":[{"href":"https:\/\/frenchconexion.com\/fr\/wp-json\/wp\/v2\/pages\/18","targetHints":{"allow":["GET"]}}],"collection":[{"href":"https:\/\/frenchconexion.com\/fr\/wp-json\/wp\/v2\/pages"}],"about":[{"href":"https:\/\/frenchconexion.com\/fr\/wp-json\/wp\/v2\/types\/page"}],"author":[{"embeddable":true,"href":"https:\/\/frenchconexion.com\/fr\/wp-json\/wp\/v2\/users\/2"}],"replies":[{"embeddable":true,"href":"https:\/\/frenchconexion.com\/fr\/wp-json\/wp\/v2\/comments?post=18"}],"version-history":[{"count":11,"href":"https:\/\/frenchconexion.com\/fr\/wp-json\/wp\/v2\/pages\/18\/revisions"}],"predecessor-version":[{"id":584,"href":"https:\/\/frenchconexion.com\/fr\/wp-json\/wp\/v2\/pages\/18\/revisions\/584"}],"wp:attachment":[{"href":"https:\/\/frenchconexion.com\/fr\/wp-json\/wp\/v2\/media?parent=18"}],"curies":[{"name":"wp","href":"https:\/\/api.w.org\/{rel}","templated":true}]}}